{"id":6,"date":"2024-03-05T12:38:50","date_gmt":"2024-03-05T15:38:50","guid":{"rendered":"https:\/\/ajladorca.madgav.com.br\/?page_id=6"},"modified":"2026-04-08T16:45:20","modified_gmt":"2026-04-08T19:45:20","slug":"inicio","status":"publish","type":"page","link":"https:\/\/ajladorca.madgav.com.br\/","title":{"rendered":"In\u00edcio"},"content":{"rendered":"\t\t<div data-elementor-type=\"wp-page\" data-elementor-id=\"6\" class=\"elementor elementor-6\">\n\t\t\t\t<div class=\"elementor-element elementor-element-183492b3 e-flex e-con-boxed e-con e-parent\" data-id=\"183492b3\" data-element_type=\"container\" data-e-type=\"container\">\n\t\t\t\t\t<div class=\"e-con-inner\">\n\t\t\t\t<div class=\"elementor-element elementor-element-6d31b2fb elementor-widget elementor-widget-text-editor\" data-id=\"6d31b2fb\" data-element_type=\"widget\" data-e-type=\"widget\" data-widget_type=\"text-editor.default\">\n\t\t\t\t<div class=\"elementor-widget-container\">\n\t\t\t\t\t\t\t\t\t<p>A fal\u00eancia de LADORCA EMPREENDIMENTOS LTDA \u2013 ME foi requerida em 11\/09\/2014, com fundamento no art. 94, inciso I, da Lei n\u00ba 11.101\/2005, em raz\u00e3o da impontualidade injustificada de t\u00edtulo executivo no valor de R$102.290,19 (cento e dois mil, duzentos e noventa reais e dezenove centavos), devidamente protestado, sendo a demanda processada pela 1\u00b0 Vara empresarial de Belo Horizonte\/MG, autos n\u00b0 2447259-89.2014.8.13.0024 .<\/p>\n<p><\/p>\n<p>Verificado que o cr\u00e9dito era leg\u00edtimo, l\u00edquido e certo, e que o protesto configurou a impontualidade injustificada, apto a embasar o pedido falimentar, bem como diante da aus\u00eancia de realiza\u00e7\u00e3o de dep\u00f3sito elisivo por parte da devedora, restaram preenchidos os requisitos legais para a decreta\u00e7\u00e3o da fal\u00eancia.<\/p>\n<p><\/p>\n<p>Assim, nos termos do par\u00e1grafo \u00fanico do art. 98 da Lei n\u00ba 11.101\/2005, foi decretada a fal\u00eancia em 07\/08\/2024 pelo D. Ju\u00edzo da 1\u00aa Vara Empresarial da Comarca de Belo Horizonte\/MG, fixando-se o termo legal da quebra no 90\u00ba (nonag\u00e9simo) dia anterior ao pedido de fal\u00eancia, qual seja, 20\/06\/2014, ressalvada a possibilidade de sua altera\u00e7\u00e3o em raz\u00e3o de eventual protesto anterior.<\/p>\n<p><\/p>\n<p>Na mesma oportunidade, a r. senten\u00e7a que decretou a fal\u00eancia &nbsp;(ID 10276393678), tamb\u00e9m nomeou como Administrador Judicial o escrit\u00f3rio M A | D | G | A | V \u2013 Monteiro de Andrade, Diniz, Galuppo e Viana Advogados, na pessoa da s\u00f3cia Dra. Renata Roman \u2013 OAB\/MG 123.118. Posteriormente, foi requerida e deferida a substitui\u00e7\u00e3o da profissional inicialmente nomeada, passando a figurar como respons\u00e1vel pela condu\u00e7\u00e3o do m\u00fanus o Dr. Guilherme Carvalho Monteiro de Andrade \u2013 OAB\/MG 87.936.<\/p>\n<p><\/p>\n<p>Os assuntos relacionados ao processo falimentar, incluindo solicita\u00e7\u00f5es de informa\u00e7\u00f5es, esclarecimento de d\u00favidas e demais comunica\u00e7\u00f5es, dever\u00e3o ser direcionados ao e-mail institucional da Administra\u00e7\u00e3o Judicial: <a href=\"mailto:falencialadorca@madgav.com.br\">falencialadorca@madgav.com.br<\/a><\/p>\t\t\t\t\t\t\t\t<\/div>\n\t\t\t\t<\/div>\n\t\t\t\t\t<\/div>\n\t\t\t\t<\/div>\n\t\t\t\t<\/div>\n\t\t","protected":false},"excerpt":{"rendered":"<p>A fal\u00eancia de LADORCA EMPREENDIMENTOS LTDA \u2013 ME foi requerida em 11\/09\/2014, com fundamento no art. 94, inciso I, da Lei n\u00ba 11.101\/2005, em raz\u00e3o da impontualidade injustificada de t\u00edtulo executivo no valor de R$102.290,19 (cento e dois mil, duzentos e noventa reais e dezenove centavos), devidamente protestado, sendo a demanda processada pela 1\u00b0 Vara [&hellip;]<\/p>\n","protected":false},"author":1,"featured_media":0,"parent":0,"menu_order":0,"comment_status":"closed","ping_status":"closed","template":"","meta":{"footnotes":""},"class_list":["post-6","page","type-page","status-publish","hentry"],"aioseo_notices":[],"_links":{"self":[{"href":"https:\/\/ajladorca.madgav.com.br\/index.php?rest_route=\/wp\/v2\/pages\/6","targetHints":{"allow":["GET"]}}],"collection":[{"href":"https:\/\/ajladorca.madgav.com.br\/index.php?rest_route=\/wp\/v2\/pages"}],"about":[{"href":"https:\/\/ajladorca.madgav.com.br\/index.php?rest_route=\/wp\/v2\/types\/page"}],"author":[{"embeddable":true,"href":"https:\/\/ajladorca.madgav.com.br\/index.php?rest_route=\/wp\/v2\/users\/1"}],"replies":[{"embeddable":true,"href":"https:\/\/ajladorca.madgav.com.br\/index.php?rest_route=%2Fwp%2Fv2%2Fcomments&post=6"}],"version-history":[{"count":22,"href":"https:\/\/ajladorca.madgav.com.br\/index.php?rest_route=\/wp\/v2\/pages\/6\/revisions"}],"predecessor-version":[{"id":398,"href":"https:\/\/ajladorca.madgav.com.br\/index.php?rest_route=\/wp\/v2\/pages\/6\/revisions\/398"}],"wp:attachment":[{"href":"https:\/\/ajladorca.madgav.com.br\/index.php?rest_route=%2Fwp%2Fv2%2Fmedia&parent=6"}],"curies":[{"name":"wp","href":"https:\/\/api.w.org\/{rel}","templated":true}]}}